{"id":11839,"date":"2024-07-21T15:21:31","date_gmt":"2024-07-21T15:21:31","guid":{"rendered":"https:\/\/kick-start.us\/product\/headhunting\/"},"modified":"2025-07-21T15:25:49","modified_gmt":"2025-07-21T15:25:49","slug":"headhunting","status":"publish","type":"product","link":"https:\/\/kick-start.us\/es\/producto\/headhunting\/","title":{"rendered":"Cazatalentos"},"content":{"rendered":"<p>Si usted obtuvo su autorizaci\u00f3n de trabajo a trav\u00e9s de procesos de inmigraci\u00f3n tales como asilo, Programa de Refugiados, VAWA, CPT, OPT, Tarjeta Verde por Trabajo, Familia y Matrimonio, podemos ayudarle a encontrar el trabajo que desea en los Estados Unidos.<\/p>","protected":false},"excerpt":{"rendered":"<p>&hellip;<\/p>","protected":false},"featured_media":0,"comment_status":"open","ping_status":"closed","template":"","meta":{"_bbp_topic_count":0,"_bbp_reply_count":0,"_bbp_total_topic_count":0,"_bbp_total_reply_count":0,"_bbp_voice_count":0,"_bbp_anonymous_reply_count":0,"_bbp_topic_count_hidden":0,"_bbp_reply_count_hidden":0,"_bbp_forum_subforum_count":0,"pmpro_default_level":"","_joinchat":[]},"product_brand":[],"product_cat":[409],"product_tag":[],"class_list":{"0":"post-11839","1":"product","2":"type-product","3":"status-publish","5":"product_cat-sem-categoria","6":"pmpro-has-access","8":"first","9":"instock","10":"shipping-taxable","11":"purchasable","12":"product-type-simple"},"_links":{"self":[{"href":"https:\/\/kick-start.us\/es\/wp-json\/wp\/v2\/product\/11839","targetHints":{"allow":["GET"]}}],"collection":[{"href":"https:\/\/kick-start.us\/es\/wp-json\/wp\/v2\/product"}],"about":[{"href":"https:\/\/kick-start.us\/es\/wp-json\/wp\/v2\/types\/product"}],"replies":[{"embeddable":true,"href":"https:\/\/kick-start.us\/es\/wp-json\/wp\/v2\/comments?post=11839"}],"wp:attachment":[{"href":"https:\/\/kick-start.us\/es\/wp-json\/wp\/v2\/media?parent=11839"}],"wp:term":[{"taxonomy":"product_brand","embeddable":true,"href":"https:\/\/kick-start.us\/es\/wp-json\/wp\/v2\/product_brand?post=11839"},{"taxonomy":"product_cat","embeddable":true,"href":"https:\/\/kick-start.us\/es\/wp-json\/wp\/v2\/product_cat?post=11839"},{"taxonomy":"product_tag","embeddable":true,"href":"https:\/\/kick-start.us\/es\/wp-json\/wp\/v2\/product_tag?post=11839"}],"curies":[{"name":"wp","href":"https:\/\/api.w.org\/{rel}","templated":true}]}}