{"id":9385,"date":"2023-03-01T10:54:40","date_gmt":"2023-03-01T10:54:40","guid":{"rendered":"https:\/\/kick-start.us\/lp-term-conditions\/"},"modified":"2025-11-10T23:46:35","modified_gmt":"2025-11-10T23:46:35","slug":"condicoes-de-prazo","status":"publish","type":"page","link":"https:\/\/kick-start.us\/pt-br\/condicoes-de-prazo\/","title":{"rendered":"Condi\u00e7\u00f5es de prazo"},"content":{"rendered":"<p>Termos e condi\u00e7\u00f5es de uso<br>Bem-vindo ao Kick Start, uma plataforma que oferece vagas de emprego e funciona como uma rede de m\u00eddia social para os usu\u00e1rios. Ao acessar ou usar nosso site, voc\u00ea concorda em cumprir e se vincular aos seguintes termos e condi\u00e7\u00f5es de uso. Leia estes termos cuidadosamente antes de usar nosso site.<\/p>\n\n\n\n<ol class=\"wp-block-list\">\n<li>Aceita\u00e7\u00e3o dos termos<br>Ao acessar ou usar nosso site, voc\u00ea concorda em obedecer a estes termos e condi\u00e7\u00f5es, \u00e0 nossa Pol\u00edtica de Privacidade e a todas as leis e regulamentos aplic\u00e1veis. Se n\u00e3o concordar com qualquer um desses termos, voc\u00ea est\u00e1 proibido de usar ou acessar este site.<\/li>\n\n\n\n<li>Uso do site<br>a. Voc\u00ea deve ter pelo menos 18 anos de idade para usar nosso site. Ao usar este site, voc\u00ea garante que tem pelo menos 18 anos de idade.<br>b. Voc\u00ea \u00e9 respons\u00e1vel por manter a confidencialidade de sua conta e senha e por restringir o acesso ao seu computador, e concorda em aceitar a responsabilidade por todas as atividades que ocorram com sua conta ou senha.<br>c. Voc\u00ea concorda em n\u00e3o usar o site para qualquer finalidade ilegal ou de qualquer forma que possa danificar, desabilitar, sobrecarregar ou prejudicar o site ou interferir no uso e aproveitamento do site por qualquer outra parte.<\/li>\n\n\n\n<li>Conte\u00fado do usu\u00e1rio<br>a. Nosso site permite que os usu\u00e1rios publiquem curr\u00edculos, coment\u00e1rios e outras informa\u00e7\u00f5es sobre como trabalhar legalmente nos Estados Unidos.<br>Ao publicar conte\u00fado em nosso site, voc\u00ea nos concede uma licen\u00e7a n\u00e3o exclusiva, mundial, perp\u00e9tua, irrevog\u00e1vel, isenta de royalties e sublicenci\u00e1vel para usar, reproduzir, adaptar, publicar, traduzir e distribuir esse conte\u00fado em toda e qualquer m\u00eddia.<br>b. Voc\u00ea concorda em n\u00e3o publicar nenhum conte\u00fado que seja ilegal, difamat\u00f3rio, calunioso, amea\u00e7ador, assediador, abusivo, fraudulento ou obsceno, ou que infrinja os direitos de terceiros.<br>c. Reservamo-nos o direito de remover qualquer conte\u00fado publicado pelos usu\u00e1rios por qualquer motivo, sem aviso pr\u00e9vio.<\/li>\n\n\n\n<li>An\u00fancios de emprego<br>a. N\u00e3o garantimos a precis\u00e3o, a integridade ou a confiabilidade de nenhuma listagem de empregos publicada em nosso site.<br>b. N\u00e3o garantimos que voc\u00ea conseguir\u00e1 emprego por meio do nosso site e n\u00e3o somos respons\u00e1veis por quaisquer decis\u00f5es de emprego tomadas por empregadores ou usu\u00e1rios.<br>c. A associa\u00e7\u00e3o oferece acesso exclusivo \u00e0s vagas de emprego publicadas na plataforma, permitindo que o usu\u00e1rio se candidate diretamente \u00e0s empresas anunciantes.<br>d. O usu\u00e1rio \u00e9 o \u00fanico respons\u00e1vel pela escolha do trabalho, pelo envio da inscri\u00e7\u00e3o e por quaisquer consequ\u00eancias resultantes.<\/li>\n\n\n\n<li>Propriedade intelectual<\/li>\n<\/ol>\n\n\n\n<p>a. Todo o conte\u00fado deste site, incluindo texto, gr\u00e1ficos, logotipos, \u00edcones de bot\u00f5es, imagens, clipes de \u00e1udio, downloads digitais, compila\u00e7\u00f5es de dados e software, \u00e9 de propriedade da Kick Start ou de seus fornecedores de conte\u00fado e est\u00e1 protegido pelas leis internacionais de direitos autorais.<br>b. Voc\u00ea n\u00e3o pode reproduzir, distribuir, exibir, copiar e colar qualquer link neste site, vender, alugar, transmitir, criar trabalhos derivados, traduzir, modificar, fazer engenharia reversa, desmontar, descompilar ou explorar de outra forma este site ou qualquer parte dele sem nossa permiss\u00e3o pr\u00e9via por escrito.<\/p>\n\n\n\n<ol start=\"6\" class=\"wp-block-list\">\n<li>Pol\u00edtica de privacidade<br>a. Nossa Pol\u00edtica de Privacidade rege a coleta, o uso e a divulga\u00e7\u00e3o de suas informa\u00e7\u00f5es pessoais. Ao usar nosso site, voc\u00ea concorda com os termos de nossa Pol\u00edtica de Privacidade.<\/li>\n\n\n\n<li>Limita\u00e7\u00e3o de responsabilidade<br>a. Em nenhuma circunst\u00e2ncia a Kick Start ou seus fornecedores ser\u00e3o respons\u00e1veis por quaisquer danos (incluindo, sem limita\u00e7\u00e3o, danos por perda de dados ou lucros, ou devido \u00e0 interrup\u00e7\u00e3o dos neg\u00f3cios) decorrentes do uso ou da incapacidade de usar os materiais em nosso site, mesmo que a Kick Start ou um representante autorizado da Kick Start tenha sido notificado oralmente ou por escrito sobre a possibilidade de tais danos.<\/li>\n\n\n\n<li>Altera\u00e7\u00f5es nos termos<br>Reservamo-nos o direito de revisar estes termos de uso a qualquer momento, sem aviso pr\u00e9vio. Ao usar este site, voc\u00ea concorda em obedecer \u00e0 vers\u00e3o ent\u00e3o vigente destes termos de uso.<\/li>\n\n\n\n<li>Legisla\u00e7\u00e3o aplic\u00e1vel<br>Estes termos e condi\u00e7\u00f5es s\u00e3o regidos e interpretados de acordo com as leis dos Estados Unidos da Am\u00e9rica e o usu\u00e1rio se submete irrevogavelmente \u00e0 jurisdi\u00e7\u00e3o exclusiva dos tribunais desse Estado ou localidade.<\/li>\n\n\n\n<li>Entre em contato conosco<br>Se tiver alguma d\u00favida sobre estes termos e condi\u00e7\u00f5es, entre em contato conosco pelo e-mail<br>team@startjobs.us<\/li>\n\n\n\n<li>Pagamentos<br>O valor pago pela associa\u00e7\u00e3o n\u00e3o \u00e9 reembols\u00e1vel em nenhuma circunst\u00e2ncia. Todos os pagamentos feitos neste site referem-se aos servi\u00e7os prestados pela Kick Start, incluindo a equipe e outros servi\u00e7os relacionados. Nossa pol\u00edtica de reembolso \u00e9 baseada em nossos termos e condi\u00e7\u00f5es. Se voc\u00ea tiver feito um pagamento por servi\u00e7os como Headhunting, Curr\u00edculo, Carta de Apresenta\u00e7\u00e3o, LinkedIn e Prepara\u00e7\u00e3o para Entrevistas, ter\u00e1 direito a solicitar um reembolso se cancelar dentro de sete dias ap\u00f3s o pagamento e se nenhum servi\u00e7o tiver sido prestado. Entretanto, uma vez que o servi\u00e7o tenha sido prestado ap\u00f3s o pagamento, n\u00e3o oferecemos reembolso.<\/li>\n<\/ol>","protected":false},"excerpt":{"rendered":"<p>&hellip;<\/p>","protected":false},"author":1,"featured_media":0,"parent":0,"menu_order":0,"comment_status":"closed","ping_status":"closed","template":"","meta":{"_bbp_topic_count":0,"_bbp_reply_count":0,"_bbp_total_topic_count":0,"_bbp_total_reply_count":0,"_bbp_voice_count":0,"_bbp_anonymous_reply_count":0,"_bbp_topic_count_hidden":0,"_bbp_reply_count_hidden":0,"_bbp_forum_subforum_count":0,"pmpro_default_level":"","_joinchat":[],"footnotes":""},"class_list":["post-9385","page","type-page","status-publish","hentry","pmpro-has-access"],"_links":{"self":[{"href":"https:\/\/kick-start.us\/pt-br\/wp-json\/wp\/v2\/pages\/9385","targetHints":{"allow":["GET"]}}],"collection":[{"href":"https:\/\/kick-start.us\/pt-br\/wp-json\/wp\/v2\/pages"}],"about":[{"href":"https:\/\/kick-start.us\/pt-br\/wp-json\/wp\/v2\/types\/page"}],"author":[{"embeddable":true,"href":"https:\/\/kick-start.us\/pt-br\/wp-json\/wp\/v2\/users\/1"}],"replies":[{"embeddable":true,"href":"https:\/\/kick-start.us\/pt-br\/wp-json\/wp\/v2\/comments?post=9385"}],"version-history":[{"count":0,"href":"https:\/\/kick-start.us\/pt-br\/wp-json\/wp\/v2\/pages\/9385\/revisions"}],"wp:attachment":[{"href":"https:\/\/kick-start.us\/pt-br\/wp-json\/wp\/v2\/media?parent=9385"}],"curies":[{"name":"wp","href":"https:\/\/api.w.org\/{rel}","templated":true}]}}