{"id":11836,"date":"2024-07-21T15:21:31","date_gmt":"2024-07-21T15:21:31","guid":{"rendered":"https:\/\/kick-start.us\/product\/resume-and-cover-letter\/"},"modified":"2025-07-21T15:24:05","modified_gmt":"2025-07-21T15:24:05","slug":"curriculo-e-carta-de-apresentacao","status":"publish","type":"product","link":"https:\/\/kick-start.us\/pt-br\/produto\/curriculo-e-carta-de-apresentacao\/","title":{"rendered":"Curr\u00edculo e carta de apresenta\u00e7\u00e3o"},"content":{"rendered":"<p>Ao contratar nossos servi\u00e7os de otimiza\u00e7\u00e3o de curr\u00edculo, voc\u00ea receber\u00e1 uma Carta de Apresenta\u00e7\u00e3o para se candidatar a um emprego espec\u00edfico, que tamb\u00e9m pode servir como modelo de orienta\u00e7\u00e3o para outras cartas de apresenta\u00e7\u00e3o.<\/p>","protected":false},"excerpt":{"rendered":"<p>&hellip;<\/p>","protected":false},"featured_media":0,"comment_status":"open","ping_status":"closed","template":"","meta":{"_bbp_topic_count":0,"_bbp_reply_count":0,"_bbp_total_topic_count":0,"_bbp_total_reply_count":0,"_bbp_voice_count":0,"_bbp_anonymous_reply_count":0,"_bbp_topic_count_hidden":0,"_bbp_reply_count_hidden":0,"_bbp_forum_subforum_count":0,"pmpro_default_level":"","_joinchat":[]},"product_brand":[],"product_cat":[409],"product_tag":[],"class_list":{"0":"post-11836","1":"product","2":"type-product","3":"status-publish","5":"product_cat-sem-categoria","6":"pmpro-has-access","8":"first","9":"instock","10":"shipping-taxable","11":"purchasable","12":"product-type-simple"},"_links":{"self":[{"href":"https:\/\/kick-start.us\/pt-br\/wp-json\/wp\/v2\/product\/11836","targetHints":{"allow":["GET"]}}],"collection":[{"href":"https:\/\/kick-start.us\/pt-br\/wp-json\/wp\/v2\/product"}],"about":[{"href":"https:\/\/kick-start.us\/pt-br\/wp-json\/wp\/v2\/types\/product"}],"replies":[{"embeddable":true,"href":"https:\/\/kick-start.us\/pt-br\/wp-json\/wp\/v2\/comments?post=11836"}],"wp:attachment":[{"href":"https:\/\/kick-start.us\/pt-br\/wp-json\/wp\/v2\/media?parent=11836"}],"wp:term":[{"taxonomy":"product_brand","embeddable":true,"href":"https:\/\/kick-start.us\/pt-br\/wp-json\/wp\/v2\/product_brand?post=11836"},{"taxonomy":"product_cat","embeddable":true,"href":"https:\/\/kick-start.us\/pt-br\/wp-json\/wp\/v2\/product_cat?post=11836"},{"taxonomy":"product_tag","embeddable":true,"href":"https:\/\/kick-start.us\/pt-br\/wp-json\/wp\/v2\/product_tag?post=11836"}],"curies":[{"name":"wp","href":"https:\/\/api.w.org\/{rel}","templated":true}]}}